{"id":1781,"date":"2025-11-12T13:51:28","date_gmt":"2025-11-12T11:51:28","guid":{"rendered":"https:\/\/cristalesparachimeneas.es\/product\/joint-pla-pour-cheminees-en-fibre-de-verre-10x3-mm-haute-resistance-thermique\/"},"modified":"2025-11-12T13:51:28","modified_gmt":"2025-11-12T11:51:28","slug":"joint-pla-pour-cheminees-en-fibre-de-verre-10x3-mm-haute-resistance-thermique","status":"publish","type":"product","link":"https:\/\/cristalesparachimeneas.es\/fr\/produit\/joint-pla-pour-cheminees-en-fibre-de-verre-10x3-mm-haute-resistance-thermique\/","title":{"rendered":"Joint pla pour chemin\u00e9es en fibre de verre 10&#215;3\u202fmm | Haute r\u00e9sistance thermique"},"content":{"rendered":"<p data-start=\"784\" data-end=\"1191\">Le <strong data-start=\"787\" data-end=\"846\">joint pla pour chemin\u00e9es en fibre de verre 10&#215;3\u202fmm<\/strong> est un accessoire essentiel pour les po\u00eales et les chemin\u00e9es qui n\u00e9cessitent une \u00e9tanch\u00e9it\u00e9 r\u00e9sistante \u00e0 la chaleur. Fabriqu\u00e9 avec des filaments de fibre de verre, compl\u00e8tement inorganiques et sans amiante, il supporte des temp\u00e9ratures continues jusqu&rsquo;\u00e0 550\u202f\u00b0C, assurant une excellente performance dans des environnements \u00e0 haute temp\u00e9rature. <\/p>\n<p data-start=\"1193\" data-end=\"1329\">Gr\u00e2ce \u00e0 sa <strong data-start=\"1206\" data-end=\"1228\">bande auto-adh\u00e9sive<\/strong>, l&rsquo;installation est rapide et simple, sans besoin d&rsquo;outils suppl\u00e9mentaires. Il est parfait pour&nbsp;: <\/p>\n<ul data-start=\"1331\" data-end=\"1507\">\n<li data-start=\"1331\" data-end=\"1372\">\n<p data-start=\"1333\" data-end=\"1372\">Sceller les portes de chemin\u00e9es et de po\u00eales<\/p>\n<\/li>\n<li data-start=\"1373\" data-end=\"1413\">\n<p data-start=\"1375\" data-end=\"1413\">Isoler les tuyaux et les conduits de fum\u00e9e<\/p>\n<\/li>\n<li data-start=\"1414\" data-end=\"1452\">\n<p data-start=\"1416\" data-end=\"1452\">\u00c9viter la rupture de pont thermique<\/p>\n<\/li>\n<li data-start=\"1453\" data-end=\"1507\">\n<p data-start=\"1455\" data-end=\"1507\">Syst\u00e8mes anti-vibrations dans les montages verre-m\u00e9tal<\/p>\n<\/li>\n<\/ul>\n<p data-start=\"1509\" data-end=\"1543\"><strong data-start=\"1509\" data-end=\"1541\">Caract\u00e9ristiques principales&nbsp;:<\/strong><\/p>\n<ul data-start=\"1544\" data-end=\"1758\">\n<li data-start=\"1544\" data-end=\"1560\">\n<p data-start=\"1546\" data-end=\"1560\">Couleur&nbsp;: Noir<\/p>\n<\/li>\n<li data-start=\"1561\" data-end=\"1576\">\n<p data-start=\"1563\" data-end=\"1576\">Largeur&nbsp;: 10\u202fmm<\/p>\n<\/li>\n<li data-start=\"1577\" data-end=\"1594\">\n<p data-start=\"1579\" data-end=\"1594\">\u00c9paisseur&nbsp;: 3\u202fmm<\/p>\n<\/li>\n<li data-start=\"1595\" data-end=\"1619\">\n<p data-start=\"1597\" data-end=\"1619\">Longueur&nbsp;: 2,5 m\u00e8tres<\/p>\n<\/li>\n<li data-start=\"1657\" data-end=\"1719\">\n<p data-start=\"1659\" data-end=\"1719\">R\u00e9sistant aux agents chimiques (sauf l&rsquo;acide fluorhydrique)<\/p>\n<\/li>\n<li data-start=\"1720\" data-end=\"1758\">\n<p data-start=\"1722\" data-end=\"1758\">Flexible, incombustible et durable<\/p>\n<\/li>\n<\/ul>\n<p data-start=\"1760\" data-end=\"1884\">Assure une fermeture herm\u00e9tique et prot\u00e8ge votre chemin\u00e9e des fuites de fum\u00e9e et de chaleur, prolongeant la dur\u00e9e de vie de vos installations.<\/p>\n","protected":false},"excerpt":{"rendered":"<p>Joint pla pour chemin\u00e9es en fibre de verre de haute qualit\u00e9, r\u00e9sistant jusqu&rsquo;\u00e0 550\u202f\u00b0C. Id\u00e9al pour sceller les portes de po\u00eales, les chemin\u00e9es et les conduits de fum\u00e9e. Flexible, incombustible et facile \u00e0 poser gr\u00e2ce \u00e0 sa bande auto-adh\u00e9sive. Dimensions : 10\u202fmm de large x 3\u202fmm d&rsquo;\u00e9paisseur, 2,5 m\u00e8tres par rouleau. Garantit une fermeture s\u00fbre et durable dans les applications \u00e0 haute temp\u00e9rature.    <\/p>\n","protected":false},"featured_media":1782,"comment_status":"open","ping_status":"closed","template":"","meta":{"_uag_custom_page_level_css":"","site-sidebar-layout":"default","site-content-layout":"","ast-site-content-layout":"default","site-content-style":"default","site-sidebar-style":"default","ast-global-header-display":"","ast-banner-title-visibility":"","ast-main-header-display":"","ast-hfb-above-header-display":"","ast-hfb-below-header-display":"","ast-hfb-mobile-header-display":"","site-post-title":"","ast-breadcrumbs-content":"","ast-featured-img":"","footer-sml-layout":"","ast-disable-related-posts":"","theme-transparent-header-meta":"default","adv-header-id-meta":"","stick-header-meta":"","header-above-stick-meta":"","header-main-stick-meta":"","header-below-stick-meta":"","astra-migrate-meta-layouts":"default","ast-page-background-enabled":"default","ast-page-background-meta":{"desktop":{"background-color":"var(--ast-global-color-4)","background-image":"","background-repeat":"repeat","background-position":"center center","background-size":"auto","background-attachment":"scroll","background-type":"","background-media":"","overlay-type":"","overlay-color":"","overlay-opacity":"","overlay-gradient":""},"tablet":{"background-color":"","background-image":"","background-repeat":"repeat","background-position":"center center","background-size":"auto","background-attachment":"scroll","background-type":"","background-media":"","overlay-type":"","overlay-color":"","overlay-opacity":"","overlay-gradient":""},"mobile":{"background-color":"","background-image":"","background-repeat":"repeat","background-position":"center center","background-size":"auto","background-attachment":"scroll","background-type":"","background-media":"","overlay-type":"","overlay-color":"","overlay-opacity":"","overlay-gradient":""}},"ast-content-background-meta":{"desktop":{"background-color":"var(--ast-global-color-5)","background-image":"","background-repeat":"repeat","background-position":"center center","background-size":"auto","background-attachment":"scroll","background-type":"","background-media":"","overlay-type":"","overlay-color":"","overlay-opacity":"","overlay-gradient":""},"tablet":{"background-color":"var(--ast-global-color-5)","background-image":"","background-repeat":"repeat","background-position":"center center","background-size":"auto","background-attachment":"scroll","background-type":"","background-media":"","overlay-type":"","overlay-color":"","overlay-opacity":"","overlay-gradient":""},"mobile":{"background-color":"var(--ast-global-color-5)","background-image":"","background-repeat":"repeat","background-position":"center center","background-size":"auto","background-attachment":"scroll","background-type":"","background-media":"","overlay-type":"","overlay-color":"","overlay-opacity":"","overlay-gradient":""}}},"product_brand":[],"product_cat":[61],"product_tag":[],"class_list":{"0":"post-1781","1":"product","2":"type-product","3":"status-publish","4":"has-post-thumbnail","6":"product_cat-joint-pla-pour-cheminees-et-poeles","7":"desktop-align-left","8":"tablet-align-left","9":"mobile-align-left","11":"first","12":"instock","13":"taxable","14":"shipping-taxable","15":"purchasable","16":"product-type-simple"},"uagb_featured_image_src":{"full":["https:\/\/cristalesparachimeneas.es\/wp-content\/uploads\/2025\/12\/Cinta-adhesiva-chimeneas-10x3mm.avif",1534,1190,false],"thumbnail":["https:\/\/cristalesparachimeneas.es\/wp-content\/uploads\/2025\/12\/Cinta-adhesiva-chimeneas-10x3mm-150x150.avif",150,150,true],"medium":["https:\/\/cristalesparachimeneas.es\/wp-content\/uploads\/2025\/12\/Cinta-adhesiva-chimeneas-10x3mm-300x233.avif",300,233,true],"medium_large":["https:\/\/cristalesparachimeneas.es\/wp-content\/uploads\/2025\/12\/Cinta-adhesiva-chimeneas-10x3mm-768x596.avif",768,596,true],"large":["https:\/\/cristalesparachimeneas.es\/wp-content\/uploads\/2025\/12\/Cinta-adhesiva-chimeneas-10x3mm-1024x794.avif",1024,794,true],"1536x1536":["https:\/\/cristalesparachimeneas.es\/wp-content\/uploads\/2025\/12\/Cinta-adhesiva-chimeneas-10x3mm.avif",1534,1190,false],"2048x2048":["https:\/\/cristalesparachimeneas.es\/wp-content\/uploads\/2025\/12\/Cinta-adhesiva-chimeneas-10x3mm.avif",1534,1190,false],"woocommerce_thumbnail":["https:\/\/cristalesparachimeneas.es\/wp-content\/uploads\/2025\/12\/Cinta-adhesiva-chimeneas-10x3mm-300x300.avif",300,300,true],"woocommerce_single":["https:\/\/cristalesparachimeneas.es\/wp-content\/uploads\/2025\/12\/Cinta-adhesiva-chimeneas-10x3mm-600x465.avif",600,465,true],"woocommerce_gallery_thumbnail":["https:\/\/cristalesparachimeneas.es\/wp-content\/uploads\/2025\/12\/Cinta-adhesiva-chimeneas-10x3mm-100x100.avif",100,100,true]},"uagb_author_info":{"display_name":"Cristales para Chimeneas","author_link":"https:\/\/cristalesparachimeneas.es\/fr\/author\/"},"uagb_comment_info":0,"uagb_excerpt":"Joint pla pour chemin\u00e9es en fibre de verre de haute qualit\u00e9, r\u00e9sistant jusqu'\u00e0 550\u202f\u00b0C. Id\u00e9al pour sceller les portes de po\u00eales, les chemin\u00e9es et les conduits de fum\u00e9e. Flexible, incombustible et facile \u00e0 poser gr\u00e2ce \u00e0 sa bande auto-adh\u00e9sive. Dimensions : 10\u202fmm de large x 3\u202fmm d'\u00e9paisseur, 2,5 m\u00e8tres par rouleau. Garantit une fermeture s\u00fbre\u2026","_links":{"self":[{"href":"https:\/\/cristalesparachimeneas.es\/fr\/wp-json\/wp\/v2\/product\/1781","targetHints":{"allow":["GET"]}}],"collection":[{"href":"https:\/\/cristalesparachimeneas.es\/fr\/wp-json\/wp\/v2\/product"}],"about":[{"href":"https:\/\/cristalesparachimeneas.es\/fr\/wp-json\/wp\/v2\/types\/product"}],"replies":[{"embeddable":true,"href":"https:\/\/cristalesparachimeneas.es\/fr\/wp-json\/wp\/v2\/comments?post=1781"}],"wp:featuredmedia":[{"embeddable":true,"href":"https:\/\/cristalesparachimeneas.es\/fr\/wp-json\/wp\/v2\/media\/1782"}],"wp:attachment":[{"href":"https:\/\/cristalesparachimeneas.es\/fr\/wp-json\/wp\/v2\/media?parent=1781"}],"wp:term":[{"taxonomy":"product_brand","embeddable":true,"href":"https:\/\/cristalesparachimeneas.es\/fr\/wp-json\/wp\/v2\/product_brand?post=1781"},{"taxonomy":"product_cat","embeddable":true,"href":"https:\/\/cristalesparachimeneas.es\/fr\/wp-json\/wp\/v2\/product_cat?post=1781"},{"taxonomy":"product_tag","embeddable":true,"href":"https:\/\/cristalesparachimeneas.es\/fr\/wp-json\/wp\/v2\/product_tag?post=1781"}],"curies":[{"name":"wp","href":"https:\/\/api.w.org\/{rel}","templated":true}]}}