{"id":1775,"date":"2025-12-11T10:04:52","date_gmt":"2025-12-11T08:04:52","guid":{"rendered":"https:\/\/cristalesparachimeneas.es\/product\/vitre-ceramique-noire-pour-inserts-et-poeles-a-gaz-verre-reflechissant-haute-temperature\/"},"modified":"2026-05-05T10:43:31","modified_gmt":"2026-05-05T08:43:31","slug":"vitre-ceramique-noire-inserts","status":"publish","type":"product","link":"https:\/\/cristalesparachimeneas.es\/fr\/produit\/vitre-ceramique-noire-inserts\/","title":{"rendered":"Vitre C\u00e9ramique Noire pour pour cuisini\u00e8res \u00e0 bois et Inserts et Po\u00eales \u00e0 Gaz \u2013 Verre R\u00e9fl\u00e9chissant Haute Temp\u00e9rature"},"content":{"rendered":"<h2 data-start=\"1251\" data-end=\"1307\"><strong data-start=\"1254\" data-end=\"1307\">Qu&rsquo;est-ce que la vitre c\u00e9ramique noire pour inserts\u00a0?<\/strong><\/h2>\n<p data-start=\"1308\" data-end=\"1614\">La vitre c\u00e9ramique noire est un verre vitro-c\u00e9ramique sp\u00e9cialement formul\u00e9 pour supporter des temp\u00e9ratures extr\u00eames sans d\u00e9formation ni perte de couleur. Sa finition noire et hautement r\u00e9fl\u00e9chissante rappelle les plaques vitro-c\u00e9ramiques de cuisine, mais elle est optimis\u00e9e pour une utilisation dans les inserts et les po\u00eales.<\/p>\n<p data-start=\"1616\" data-end=\"1764\">Gr\u00e2ce \u00e0 sa capacit\u00e9 \u00e0 r\u00e9fl\u00e9chir la flamme, elle offre un effet visuel plus vif et profond, augmentant la sensation de r\u00e9alisme et de chaleur du feu.<\/p>\n<hr data-start=\"1766\" data-end=\"1769\" \/>\n<h2 data-start=\"1771\" data-end=\"1813\"><strong data-start=\"1774\" data-end=\"1813\">Avantages de la vitre c\u00e9ramique noire<\/strong><\/h2>\n<h3 data-start=\"1814\" data-end=\"1854\"><strong data-start=\"1818\" data-end=\"1854\">1. Supporte des temp\u00e9ratures extr\u00eames<\/strong><\/h3>\n<p data-start=\"1855\" data-end=\"1980\">Fabriqu\u00e9e en vitro-c\u00e9ramique de haute performance, elle r\u00e9siste aux chocs thermiques, \u00e0 la chaleur continue et aux pics intenses sans se fissurer.<\/p>\n<h3 data-start=\"1982\" data-end=\"2018\"><strong data-start=\"1986\" data-end=\"2018\">2. Finition noire r\u00e9fl\u00e9chissante<\/strong><\/h3>\n<p data-start=\"2019\" data-end=\"2143\">Le fond noir r\u00e9fl\u00e9chit la flamme et la rend visuellement plus intense, cr\u00e9ant une ambiance plus \u00e9l\u00e9gante, moderne et spectaculaire.<\/p>\n<h3 data-start=\"2145\" data-end=\"2178\"><strong data-start=\"2149\" data-end=\"2178\">3. Applications multiples<\/strong><\/h3>\n<p data-start=\"2179\" data-end=\"2204\">Cette vitre est utilis\u00e9e pour\u00a0:<\/p>\n<ul data-start=\"2205\" data-end=\"2642\">\n<li data-start=\"2205\" data-end=\"2259\">\n<p data-start=\"2207\" data-end=\"2259\"><strong data-start=\"2207\" data-end=\"2237\">Fonds d&rsquo;inserts \u00e0 gaz<\/strong> (son utilisation principale).<\/p>\n<\/li>\n<li data-start=\"2260\" data-end=\"2337\">\n<p data-start=\"2262\" data-end=\"2337\"><strong data-start=\"2262\" data-end=\"2298\">Fonds d&rsquo;inserts \u00e0 bio\u00e9thanol<\/strong>, pour un effet d\u00e9coratif sup\u00e9rieur.<\/p>\n<\/li>\n<li data-start=\"2338\" data-end=\"2403\">\n<p data-start=\"2340\" data-end=\"2403\"><strong data-start=\"2340\" data-end=\"2371\">Plaques pour foyers \u00e0 bois<\/strong>, m\u00eame pour cuisiner dessus.<\/p>\n<\/li>\n<li data-start=\"2404\" data-end=\"2545\">\n<p data-start=\"2406\" data-end=\"2545\"><strong data-start=\"2406\" data-end=\"2429\">Portes de cassette<\/strong>, o\u00f9 la vision de la flamme est translucide\u00a0: on voit le feu allum\u00e9, mais on ne voit pas l&rsquo;int\u00e9rieur une fois \u00e9teint.<\/p>\n<\/li>\n<li data-start=\"2546\" data-end=\"2642\">\n<p data-start=\"2548\" data-end=\"2642\"><strong data-start=\"2548\" data-end=\"2589\">Rev\u00eatements lat\u00e9raux ou sup\u00e9rieurs<\/strong> de po\u00eales, y compris les zones avec orifice pour tuyau.<\/p>\n<\/li>\n<\/ul>\n<h3 data-start=\"2644\" data-end=\"2692\"><strong data-start=\"2648\" data-end=\"2692\">4. Grande r\u00e9sistance m\u00e9canique et \u00e9lectrique<\/strong><\/h3>\n<p data-start=\"2693\" data-end=\"2830\">Non seulement elle r\u00e9siste \u00e0 la chaleur\u00a0: elle supporte \u00e9galement les impacts, la pression et pr\u00e9sente d&rsquo;excellentes caract\u00e9ristiques \u00e9lectriques pour les installations techniques.<\/p>\n<h3 data-start=\"2832\" data-end=\"2867\"><strong data-start=\"2836\" data-end=\"2867\">5. Meilleur prix garanti<\/strong><\/h3>\n<p data-start=\"2868\" data-end=\"3004\">Nous sommes distributeurs officiels, ce qui nous permet d&rsquo;offrir le prix le plus comp\u00e9titif du march\u00e9 avec une garantie totale d&rsquo;authenticit\u00e9.<\/p>\n<hr data-start=\"3006\" data-end=\"3009\" \/>\n<h2 data-start=\"3011\" data-end=\"3084\"><strong data-start=\"3014\" data-end=\"3084\">Pourquoi installer une vitre c\u00e9ramique noire dans votre insert \u00e0 gaz\u00a0?<\/strong><\/h2>\n<p data-start=\"3085\" data-end=\"3185\">Ce verre est con\u00e7u pour am\u00e9liorer l&rsquo;esth\u00e9tique et le rendement visuel de tout insert\u00a0:<\/p>\n<ul data-start=\"3187\" data-end=\"3346\">\n<li data-start=\"3187\" data-end=\"3211\">\n<p data-start=\"3189\" data-end=\"3211\">Intensifie la flamme<\/p>\n<\/li>\n<li data-start=\"3212\" data-end=\"3245\">\n<p data-start=\"3214\" data-end=\"3245\">Donne plus de profondeur au feu<\/p>\n<\/li>\n<li data-start=\"3246\" data-end=\"3308\">\n<p data-start=\"3248\" data-end=\"3308\">Cache les composants internes lorsque l&rsquo;appareil est \u00e9teint<\/p>\n<\/li>\n<li data-start=\"3309\" data-end=\"3346\">\n<p data-start=\"3311\" data-end=\"3346\">Ajoute un design moderne et premium<\/p>\n<\/li>\n<\/ul>\n<p data-start=\"3348\" data-end=\"3434\">Un simple changement de fond peut transformer compl\u00e8tement l&rsquo;apparence de votre insert.<\/p>\n<hr data-start=\"3436\" data-end=\"3439\" \/>\n<h2 data-start=\"3441\" data-end=\"3472\"><strong data-start=\"3444\" data-end=\"3472\">Caract\u00e9ristiques techniques<\/strong><\/h2>\n<ul data-start=\"3473\" data-end=\"3776\">\n<li data-start=\"3473\" data-end=\"3526\">\n<p data-start=\"3475\" data-end=\"3526\">Mat\u00e9riau\u00a0: Vitroc\u00e9ramique noire r\u00e9fl\u00e9chissante<\/p>\n<\/li>\n<li data-start=\"3527\" data-end=\"3603\">\n<p data-start=\"3529\" data-end=\"3603\">R\u00e9sistance thermique\u00a0: convient aux flammes directes et au fonctionnement continu<\/p>\n<\/li>\n<li data-start=\"3604\" data-end=\"3642\">\n<p data-start=\"3606\" data-end=\"3642\">Couleur\u00a0: noir intense effet miroir<\/p>\n<\/li>\n<li data-start=\"3643\" data-end=\"3695\">\n<p data-start=\"3645\" data-end=\"3695\">\u00c9paisseur\u00a0: 4 mm<\/p>\n<\/li>\n<li data-start=\"3696\" data-end=\"3776\">\n<p data-start=\"3698\" data-end=\"3776\">Utilisation\u00a0: inserts \u00e0 gaz, bio\u00e9thanol, foyers \u00e0 bois, cassettes, rev\u00eatements<\/p>\n<\/li>\n<\/ul>\n<hr data-start=\"3778\" data-end=\"3781\" \/>\n<h2 data-start=\"3783\" data-end=\"3817\"><strong data-start=\"3786\" data-end=\"3817\">Comment commander votre vitre\u00a0?<\/strong><\/h2>\n<p data-start=\"3818\" data-end=\"3980\">Nous pouvons la couper sur mesure, adapt\u00e9e \u00e0 tout insert \u00e0 gaz, cassette ou po\u00eale.<br data-start=\"3905\" data-end=\"3908\" \/>Il vous suffit de nous indiquer vos dimensions exactes lors de la commande.<\/p>\n","protected":false},"excerpt":{"rendered":"<p>La vitre c\u00e9ramique noire est un verre vitro-c\u00e9ramique r\u00e9fl\u00e9chissant, con\u00e7u pour supporter des temp\u00e9ratures \u00e9lev\u00e9es dans les inserts et les po\u00eales \u00e0 gaz. Elle am\u00e9liore l&rsquo;effet visuel de la flamme, am\u00e9liore le design de la maison et offre une r\u00e9sistance exceptionnelle aux chocs thermiques. Nous sommes distributeurs officiels, au meilleur prix garanti.<\/p>\n<p><strong>Indiquez les mesures pour calculer le prix exact de la vitre.<br \/>\n<\/strong>Si vous ne savez pas comment les prendre, ce <a title=\"Comment mesurer la vitre pour chemin\u00e9e\" href=\"https:\/\/cristalesparachimeneas.es\/fr\/comment-mesurer-le-verre-de-cheminee\/\" target=\"_blank\" rel=\"noopener\">guide vous explique comment mesurer la vitre pour insert<\/a>.<strong><br \/>\n<\/strong><\/p>\n","protected":false},"featured_media":1794,"comment_status":"open","ping_status":"closed","template":"","meta":{"site-sidebar-layout":"default","site-content-layout":"","ast-site-content-layout":"default","site-content-style":"default","site-sidebar-style":"default","ast-global-header-display":"","ast-banner-title-visibility":"","ast-main-header-display":"","ast-hfb-above-header-display":"","ast-hfb-below-header-display":"","ast-hfb-mobile-header-display":"","site-post-title":"","ast-breadcrumbs-content":"","ast-featured-img":"","footer-sml-layout":"","ast-disable-related-posts":"","theme-transparent-header-meta":"default","adv-header-id-meta":"","stick-header-meta":"default","header-above-stick-meta":"","header-main-stick-meta":"","header-below-stick-meta":"","astra-migrate-meta-layouts":"set","ast-page-background-enabled":"default","ast-page-background-meta":{"desktop":{"background-color":"var(--ast-global-color-4)","background-image":"","background-repeat":"repeat","background-position":"center center","background-size":"auto","background-attachment":"scroll","background-type":"","background-media":"","overlay-type":"","overlay-color":"","overlay-opacity":"","overlay-gradient":""},"tablet":{"background-color":"","background-image":"","background-repeat":"repeat","background-position":"center center","background-size":"auto","background-attachment":"scroll","background-type":"","background-media":"","overlay-type":"","overlay-color":"","overlay-opacity":"","overlay-gradient":""},"mobile":{"background-color":"","background-image":"","background-repeat":"repeat","background-position":"center center","background-size":"auto","background-attachment":"scroll","background-type":"","background-media":"","overlay-type":"","overlay-color":"","overlay-opacity":"","overlay-gradient":""}},"ast-content-background-meta":{"desktop":{"background-color":"var(--ast-global-color-5)","background-image":"","background-repeat":"repeat","background-position":"center center","background-size":"auto","background-attachment":"scroll","background-type":"","background-media":"","overlay-type":"","overlay-color":"","overlay-opacity":"","overlay-gradient":""},"tablet":{"background-color":"var(--ast-global-color-5)","background-image":"","background-repeat":"repeat","background-position":"center center","background-size":"auto","background-attachment":"scroll","background-type":"","background-media":"","overlay-type":"","overlay-color":"","overlay-opacity":"","overlay-gradient":""},"mobile":{"background-color":"var(--ast-global-color-5)","background-image":"","background-repeat":"repeat","background-position":"center center","background-size":"auto","background-attachment":"scroll","background-type":"","background-media":"","overlay-type":"","overlay-color":"","overlay-opacity":"","overlay-gradient":""}}},"product_brand":[],"product_cat":[64],"product_tag":[],"class_list":{"0":"post-1775","1":"product","2":"type-product","3":"status-publish","4":"has-post-thumbnail","6":"product_cat-vitres-pour-inserts-et-poeles","7":"desktop-align-left","8":"tablet-align-left","9":"mobile-align-left","10":"ast-product-gallery-layout-horizontal-slider","11":"ast-product-tabs-layout-distributed","13":"first","14":"instock","15":"taxable","16":"shipping-taxable","17":"purchasable","18":"product-type-simple"},"_links":{"self":[{"href":"https:\/\/cristalesparachimeneas.es\/fr\/wp-json\/wp\/v2\/product\/1775","targetHints":{"allow":["GET"]}}],"collection":[{"href":"https:\/\/cristalesparachimeneas.es\/fr\/wp-json\/wp\/v2\/product"}],"about":[{"href":"https:\/\/cristalesparachimeneas.es\/fr\/wp-json\/wp\/v2\/types\/product"}],"replies":[{"embeddable":true,"href":"https:\/\/cristalesparachimeneas.es\/fr\/wp-json\/wp\/v2\/comments?post=1775"}],"wp:featuredmedia":[{"embeddable":true,"href":"https:\/\/cristalesparachimeneas.es\/fr\/wp-json\/wp\/v2\/media\/1794"}],"wp:attachment":[{"href":"https:\/\/cristalesparachimeneas.es\/fr\/wp-json\/wp\/v2\/media?parent=1775"}],"wp:term":[{"taxonomy":"product_brand","embeddable":true,"href":"https:\/\/cristalesparachimeneas.es\/fr\/wp-json\/wp\/v2\/product_brand?post=1775"},{"taxonomy":"product_cat","embeddable":true,"href":"https:\/\/cristalesparachimeneas.es\/fr\/wp-json\/wp\/v2\/product_cat?post=1775"},{"taxonomy":"product_tag","embeddable":true,"href":"https:\/\/cristalesparachimeneas.es\/fr\/wp-json\/wp\/v2\/product_tag?post=1775"}],"curies":[{"name":"wp","href":"https:\/\/api.w.org\/{rel}","templated":true}]}}