{"id":1772,"date":"2025-11-11T15:54:46","date_gmt":"2025-11-11T13:54:46","guid":{"rendered":"https:\/\/cristalesparachimeneas.es\/product\/joint-rond-pour-cheminees-en-fibre-de-verre-noir-o-8-mm-25-m-adhesif-refractaire-50-ml-resistant-jusqua-1000-c-joint-detancheite-pour-cheminees-fours-et-poeles\/"},"modified":"2026-05-05T10:42:38","modified_gmt":"2026-05-05T08:42:38","slug":"joint-rond-pour-cheminees-en-fibre-de-verre-noir-o-8-mm-25-m-adhesif-refractaire-50-ml-resistant-jusqua-1000-c-joint-detancheite-pour-cheminees-fours-et-poeles","status":"publish","type":"product","link":"https:\/\/cristalesparachimeneas.es\/fr\/produit\/joint-rond-pour-cheminees-en-fibre-de-verre-noir-o-8-mm-25-m-adhesif-refractaire-50-ml-resistant-jusqua-1000-c-joint-detancheite-pour-cheminees-fours-et-poeles\/","title":{"rendered":"Joint rond pour chemin\u00e9es en fibre de verre noir \u00d8 8 mm 2,5 m + Adh\u00e9sif r\u00e9fractaire 50 ml (R\u00e9sistant jusqu&rsquo;\u00e0 1000 \u00b0C) \u2013 Joint d&rsquo;\u00e9tanch\u00e9it\u00e9 pour chemin\u00e9es, fours et po\u00eales"},"content":{"rendered":"<p data-start=\"1114\" data-end=\"1408\">Le <strong data-start=\"1117\" data-end=\"1169\">Joint rond pour chemin\u00e9es tricot\u00e9 en fibre de verre noir \u00d8 8 mm<\/strong> est pr\u00e9sent\u00e9 en <strong data-start=\"1185\" data-end=\"1206\">longueur de 2,5 m<\/strong>, parfait pour sceller les joints dans les applications \u00e0 haute temp\u00e9rature. Fabriqu\u00e9 avec des fils continus, il est <strong data-start=\"1316\" data-end=\"1366\">incombustible, flexible et s\u00fbr pour la sant\u00e9<\/strong>, sans amiante ni substances toxiques.<\/p>\n<p data-start=\"1410\" data-end=\"1531\">Inclut un <strong data-start=\"1418\" data-end=\"1456\">tube d&rsquo;adh\u00e9sif r\u00e9fractaire de 50 ml<\/strong>, r\u00e9sistant jusqu&rsquo;\u00e0 <strong data-start=\"1475\" data-end=\"1486\">1000 \u00b0C<\/strong>, garantissant une \u00e9tanch\u00e9it\u00e9 ferme et durable.<\/p>\n<p data-start=\"1533\" data-end=\"1563\"><strong data-start=\"1533\" data-end=\"1561\">Propri\u00e9t\u00e9s principales :<\/strong><\/p>\n<ul data-start=\"1564\" data-end=\"1867\">\n<li data-start=\"1564\" data-end=\"1623\">\n<p data-start=\"1566\" data-end=\"1623\">Joint rond r\u00e9sistant jusqu&rsquo;\u00e0 550 \u00b0C, adh\u00e9sif jusqu&rsquo;\u00e0 1000 \u00b0C.<\/p>\n<\/li>\n<li data-start=\"1624\" data-end=\"1680\">\n<p data-start=\"1626\" data-end=\"1680\">S\u00fbr et chimiquement stable, inorganique et st\u00e9rile.<\/p>\n<\/li>\n<li data-start=\"1681\" data-end=\"1724\">\n<p data-start=\"1683\" data-end=\"1724\">Flexible, durable et facile \u00e0 installer.<\/p>\n<\/li>\n<li data-start=\"1725\" data-end=\"1784\">\n<p data-start=\"1727\" data-end=\"1784\">Faible conductivit\u00e9 thermique et haute r\u00e9sistance m\u00e9canique.<\/p>\n<\/li>\n<li data-start=\"1785\" data-end=\"1867\">\n<p data-start=\"1787\" data-end=\"1867\">Longueur de <strong data-start=\"1799\" data-end=\"1813\">2,5 m\u00e8tres<\/strong>, id\u00e9ale pour plusieurs joints ou applications compl\u00e8tes.<\/p>\n<\/li>\n<\/ul>\n<p data-start=\"1869\" data-end=\"1901\"><strong data-start=\"1869\" data-end=\"1899\">Applications recommand\u00e9es :<\/strong><\/p>\n<ul data-start=\"1902\" data-end=\"2035\">\n<li data-start=\"1902\" data-end=\"1956\">\n<p data-start=\"1904\" data-end=\"1956\">Portes de fours, po\u00eales et chemin\u00e9es domestiques.<\/p>\n<\/li>\n<li data-start=\"1957\" data-end=\"1987\">\n<p data-start=\"1959\" data-end=\"1987\">Couvercles et conduits de fum\u00e9e.<\/p>\n<\/li>\n<li data-start=\"1988\" data-end=\"2035\">\n<p data-start=\"1990\" data-end=\"2035\">Supports et cadres de verre vitroc\u00e9ramique.<\/p>\n<\/li>\n<\/ul>\n<p data-start=\"2037\" data-end=\"2063\"><strong data-start=\"2037\" data-end=\"2061\">Composition chimique :<\/strong><\/p>\n<ul data-start=\"2064\" data-end=\"2134\">\n<li data-start=\"2064\" data-end=\"2081\">\n<p data-start=\"2066\" data-end=\"2081\">SiO\u2082 : 50\u201360 %<\/p>\n<\/li>\n<li data-start=\"2082\" data-end=\"2098\">\n<p data-start=\"2084\" data-end=\"2098\">CaO : 16\u201325 %<\/p>\n<\/li>\n<li data-start=\"2099\" data-end=\"2117\">\n<p data-start=\"2101\" data-end=\"2117\">Al\u2082O\u2083 : 12\u201316 %<\/p>\n<\/li>\n<li data-start=\"2118\" data-end=\"2134\">\n<p data-start=\"2120\" data-end=\"2134\">Autres : 3\u20137 %<\/p>\n<\/li>\n<\/ul>\n<p data-start=\"2136\" data-end=\"2303\">L&rsquo;ensemble <strong data-start=\"2148\" data-end=\"2200\">joint rond \u00d8 8 mm 2,5 m + adh\u00e9sif r\u00e9fractaire 50 ml<\/strong> assure une <strong data-start=\"2212\" data-end=\"2254\">\u00e9tanch\u00e9it\u00e9 professionnelle, s\u00fbre et durable<\/strong> pour toute application \u00e0 haute temp\u00e9rature.<\/p>\n","protected":false},"excerpt":{"rendered":"<p>Joint rond pour chemin\u00e9es tricot\u00e9 en fibre de verre noir \u00d8 8 mm de 2,5 m r\u00e9sistant jusqu&rsquo;\u00e0 550 \u00b0C, avec adh\u00e9sif r\u00e9fractaire 50 ml r\u00e9sistant jusqu&rsquo;\u00e0 1000 \u00b0C. Id\u00e9al pour les chemin\u00e9es, fours et po\u00eales.<\/p>\n","protected":false},"featured_media":4756,"comment_status":"open","ping_status":"closed","template":"","meta":{"site-sidebar-layout":"default","site-content-layout":"","ast-site-content-layout":"default","site-content-style":"default","site-sidebar-style":"default","ast-global-header-display":"","ast-banner-title-visibility":"","ast-main-header-display":"","ast-hfb-above-header-display":"","ast-hfb-below-header-display":"","ast-hfb-mobile-header-display":"","site-post-title":"","ast-breadcrumbs-content":"","ast-featured-img":"","footer-sml-layout":"","ast-disable-related-posts":"","theme-transparent-header-meta":"default","adv-header-id-meta":"","stick-header-meta":"default","header-above-stick-meta":"","header-main-stick-meta":"","header-below-stick-meta":"","astra-migrate-meta-layouts":"set","ast-page-background-enabled":"default","ast-page-background-meta":{"desktop":{"background-color":"var(--ast-global-color-4)","background-image":"","background-repeat":"repeat","background-position":"center center","background-size":"auto","background-attachment":"scroll","background-type":"","background-media":"","overlay-type":"","overlay-color":"","overlay-opacity":"","overlay-gradient":""},"tablet":{"background-color":"","background-image":"","background-repeat":"repeat","background-position":"center center","background-size":"auto","background-attachment":"scroll","background-type":"","background-media":"","overlay-type":"","overlay-color":"","overlay-opacity":"","overlay-gradient":""},"mobile":{"background-color":"","background-image":"","background-repeat":"repeat","background-position":"center center","background-size":"auto","background-attachment":"scroll","background-type":"","background-media":"","overlay-type":"","overlay-color":"","overlay-opacity":"","overlay-gradient":""}},"ast-content-background-meta":{"desktop":{"background-color":"var(--ast-global-color-5)","background-image":"","background-repeat":"repeat","background-position":"center center","background-size":"auto","background-attachment":"scroll","background-type":"","background-media":"","overlay-type":"","overlay-color":"","overlay-opacity":"","overlay-gradient":""},"tablet":{"background-color":"var(--ast-global-color-5)","background-image":"","background-repeat":"repeat","background-position":"center center","background-size":"auto","background-attachment":"scroll","background-type":"","background-media":"","overlay-type":"","overlay-color":"","overlay-opacity":"","overlay-gradient":""},"mobile":{"background-color":"var(--ast-global-color-5)","background-image":"","background-repeat":"repeat","background-position":"center center","background-size":"auto","background-attachment":"scroll","background-type":"","background-media":"","overlay-type":"","overlay-color":"","overlay-opacity":"","overlay-gradient":""}}},"product_brand":[],"product_cat":[62],"product_tag":[],"class_list":{"0":"post-1772","1":"product","2":"type-product","3":"status-publish","4":"has-post-thumbnail","6":"product_cat-joint-rond-pour-cheminees-et-poeles","7":"desktop-align-left","8":"tablet-align-left","9":"mobile-align-left","10":"ast-product-gallery-layout-horizontal-slider","11":"ast-product-gallery-with-no-image","12":"ast-product-tabs-layout-distributed","14":"first","15":"instock","16":"taxable","17":"shipping-taxable","18":"purchasable","19":"product-type-simple"},"_links":{"self":[{"href":"https:\/\/cristalesparachimeneas.es\/fr\/wp-json\/wp\/v2\/product\/1772","targetHints":{"allow":["GET"]}}],"collection":[{"href":"https:\/\/cristalesparachimeneas.es\/fr\/wp-json\/wp\/v2\/product"}],"about":[{"href":"https:\/\/cristalesparachimeneas.es\/fr\/wp-json\/wp\/v2\/types\/product"}],"replies":[{"embeddable":true,"href":"https:\/\/cristalesparachimeneas.es\/fr\/wp-json\/wp\/v2\/comments?post=1772"}],"wp:featuredmedia":[{"embeddable":true,"href":"https:\/\/cristalesparachimeneas.es\/fr\/wp-json\/wp\/v2\/media\/4756"}],"wp:attachment":[{"href":"https:\/\/cristalesparachimeneas.es\/fr\/wp-json\/wp\/v2\/media?parent=1772"}],"wp:term":[{"taxonomy":"product_brand","embeddable":true,"href":"https:\/\/cristalesparachimeneas.es\/fr\/wp-json\/wp\/v2\/product_brand?post=1772"},{"taxonomy":"product_cat","embeddable":true,"href":"https:\/\/cristalesparachimeneas.es\/fr\/wp-json\/wp\/v2\/product_cat?post=1772"},{"taxonomy":"product_tag","embeddable":true,"href":"https:\/\/cristalesparachimeneas.es\/fr\/wp-json\/wp\/v2\/product_tag?post=1772"}],"curies":[{"name":"wp","href":"https:\/\/api.w.org\/{rel}","templated":true}]}}