{"id":2691,"date":"2026-02-11T14:05:12","date_gmt":"2026-02-11T12:05:12","guid":{"rendered":"https:\/\/cristalesparachimeneas.es\/comment-mesurer-une-vitre-bombee-pour-poeles-inserts-ou-cheminees\/"},"modified":"2026-03-02T12:30:37","modified_gmt":"2026-03-02T10:30:37","slug":"comment-mesurer-une-vitre-bombee-pour-poeles-inserts-ou-cheminees","status":"publish","type":"page","link":"https:\/\/cristalesparachimeneas.es\/fr\/comment-mesurer-une-vitre-bombee-pour-poeles-inserts-ou-cheminees\/","title":{"rendered":"Comment mesurer une vitre bomb\u00e9e pour po\u00eales, inserts ou chemin\u00e9es"},"content":{"rendered":"\n<div class=\"wp-block-uagb-advanced-heading uagb-block-ddb38b82\"><h1 class=\"uagb-heading-text\">Comment mesurer une vitre bomb\u00e9e pour chemin\u00e9es, inserts ou po\u00eales<\/h1><\/div>\n\n<div style=\"height:50px\" aria-hidden=\"true\" class=\"wp-block-spacer\"><\/div>\n\n<div class=\"wp-block-uagb-advanced-heading uagb-block-c4465761\"><h2 class=\"uagb-heading-text\"><strong>Mat\u00e9riel n\u00e9cessaire<\/strong><\/h2><\/div>\n\n<ul class=\"wp-block-list\">\n<li>M\u00e8tre ruban ou r\u00e8gle rigide<\/li>\n\n\n\n<li>Gants de protection<\/li>\n\n\n\n<li>Crayon ou feutre<\/li>\n\n\n\n<li>Un morceau de ficelle ou de corde fine<\/li>\n<\/ul>\n\n<hr class=\"wp-block-separator has-alpha-channel-opacity\" \/>\n\n<div class=\"wp-block-uagb-advanced-heading uagb-block-be66d25d\"><h2 class=\"uagb-heading-text\"><strong>Mesures n\u00e9cessaires<\/strong><\/h2><\/div>\n\n<p>Nous prendrons ces 4 cotes :<\/p>\n\n<ul class=\"wp-block-list\">\n<li><strong>H<\/strong> \u2192 Hauteur de la vitre<\/li>\n\n\n\n<li><strong>A<\/strong> \u2192 D\u00e9velopp\u00e9 total de la courbe<\/li>\n\n\n\n<li><strong>B<\/strong> \u2192 Profondeur maximale de la courbure<\/li>\n\n\n\n<li><strong>C<\/strong> \u2192 Largeur de la vitre<\/li>\n<\/ul>\n\n<p>Toutes les mesures doivent \u00eatre prises sur l\u2019ext\u00e9rieur de la vitre.<\/p>\n\n<figure class=\"wp-block-image aligncenter is-resized\"><img decoding=\"async\" src=\"https:\/\/cristalesparachimeneas.es\/wp-content\/uploads\/2026\/02\/Croquis-cristal-curvado.avif\" alt=\"\" style=\"width:522px;height:auto\" title=\"Croquis de la vitre bomb&#xE9;e\"><figcaption><\/figcaption><\/figure>\n\n<hr class=\"wp-block-separator has-alpha-channel-opacity\" \/>\n\n<div class=\"wp-block-uagb-advanced-heading uagb-block-6da353e7\"><h2 class=\"uagb-heading-text\"><strong>\u00c9tape 1 \u2013 Mesurer la hauteur de la vitre (H)<\/strong><\/h2><\/div>\n\n<ol start=\"1\" class=\"wp-block-list\">\n<li>Placez le m\u00e8tre en position verticale.<\/li>\n\n\n\n<li>Mesurez de la partie inf\u00e9rieure jusqu\u2019\u00e0 la partie sup\u00e9rieure de la vitre.<\/li>\n<\/ol>\n\n<p>Notez cette mesure comme <strong>H<\/strong>.<\/p>\n\n<hr class=\"wp-block-separator has-alpha-channel-opacity\" \/>\n\n<div class=\"wp-block-uagb-advanced-heading uagb-block-0590dbbf\"><h2 class=\"uagb-heading-text\"><strong>\u00c9tape 2 \u2013 Mesurer le d\u00e9velopp\u00e9 de la courbe (A)<\/strong><\/h2><\/div>\n\n<p>Cette \u00e9tape se fait avec une ficelle afin d\u2019\u00e9viter les erreurs dues au m\u00e8tre rigide :<\/p>\n\n<ol start=\"1\" class=\"wp-block-list\">\n<li>Placez la ficelle en suivant exactement la courbure ext\u00e9rieure de la vitre.<\/li>\n\n\n\n<li>Marquez les deux extr\u00e9mit\u00e9s avec le crayon.<\/li>\n\n\n\n<li>Retirez la ficelle, tendez-la bien droite et mesurez-la avec le m\u00e8tre.<\/li>\n<\/ol>\n\n<p>Notez cette mesure comme <strong>A<\/strong>.<\/p>\n\n<p>Tr\u00e8s important : toujours mesurer sur la partie ext\u00e9rieure de la vitre.<\/p>\n\n<figure class=\"wp-block-image aligncenter is-resized\"><img decoding=\"async\" src=\"https:\/\/cristalesparachimeneas.es\/wp-content\/uploads\/2026\/02\/Croquis-cristal-curvado-planta.avif\" alt=\"\" style=\"width:771px;height:auto\" title=\"Croquis de la vitre bomb&#xE9;e &#x2013; vue de dessus\"><figcaption><\/figcaption><\/figure>\n\n<hr class=\"wp-block-separator has-alpha-channel-opacity\" \/>\n\n<div class=\"wp-block-uagb-advanced-heading uagb-block-7d5f2de8\"><h2 class=\"uagb-heading-text\"><strong>\u00c9tape 3 \u2013 Mesurer la profondeur de la courbure (B)<\/strong><\/h2><\/div>\n\n<ol start=\"1\" class=\"wp-block-list\">\n<li>Placez la vitre sur une surface plane, courbure vers le haut.<\/li>\n\n\n\n<li>Posez le m\u00e8tre sur la table, centr\u00e9 par rapport \u00e0 la vitre.<\/li>\n\n\n\n<li>Mesurez jusqu\u2019au point le plus haut de l\u2019arc.<\/li>\n<\/ol>\n\n<p>Notez cette mesure comme <strong>B<\/strong> .<\/p>\n\n<hr class=\"wp-block-separator has-alpha-channel-opacity\" \/>\n\n<div class=\"wp-block-uagb-advanced-heading uagb-block-040d439f\"><h2 class=\"uagb-heading-text\"><strong>\u00c9tape 4 \u2013 Mesurer la largeur de la vitre (C)<\/strong><\/h2><\/div>\n\n<ol start=\"1\" class=\"wp-block-list\">\n<li>Mesurez la largeur totale de la vitre.<\/li>\n\n\n\n<li>Faites-le toujours par l\u2019ext\u00e9rieur.<\/li>\n<\/ol>\n\n<p>Notez cette mesure comme <strong>C<\/strong>.<\/p>\n\n<hr class=\"wp-block-separator has-alpha-channel-opacity\" \/>\n\n<div class=\"wp-block-uagb-advanced-heading uagb-block-cfabcdde\"><h2 class=\"uagb-heading-text\"><strong>Conseil final important<\/strong><\/h2><\/div>\n\n<p>Si la vitre est cass\u00e9e ou si vous avez un doute, nous recommandons de r\u00e9aliser un gabarit en carton ou de nous consulter avant de passer commande.<br \/>Une vitre bomb\u00e9e ne peut plus \u00eatre corrig\u00e9e une fois fabriqu\u00e9e. <\/p>\n","protected":false},"excerpt":{"rendered":"<p>Nous prendrons ces 4 cotes : Toutes les mesures doivent \u00eatre prises sur l\u2019ext\u00e9rieur de la vitre. Notez cette mesure [&hellip;]<\/p>\n","protected":false},"author":1,"featured_media":0,"parent":0,"menu_order":0,"comment_status":"closed","ping_status":"closed","template":"","meta":{"site-sidebar-layout":"default","site-content-layout":"","ast-site-content-layout":"default","site-content-style":"default","site-sidebar-style":"default","ast-global-header-display":"","ast-banner-title-visibility":"","ast-main-header-display":"","ast-hfb-above-header-display":"","ast-hfb-below-header-display":"","ast-hfb-mobile-header-display":"","site-post-title":"disabled","ast-breadcrumbs-content":"","ast-featured-img":"","footer-sml-layout":"","ast-disable-related-posts":"","theme-transparent-header-meta":"","adv-header-id-meta":"","stick-header-meta":"","header-above-stick-meta":"","header-main-stick-meta":"","header-below-stick-meta":"","astra-migrate-meta-layouts":"default","ast-page-background-enabled":"default","ast-page-background-meta":{"desktop":{"background-color":"var(--ast-global-color-4)","background-image":"","background-repeat":"repeat","background-position":"center center","background-size":"auto","background-attachment":"scroll","background-type":"","background-media":"","overlay-type":"","overlay-color":"","overlay-opacity":"","overlay-gradient":""},"tablet":{"background-color":"","background-image":"","background-repeat":"repeat","background-position":"center center","background-size":"auto","background-attachment":"scroll","background-type":"","background-media":"","overlay-type":"","overlay-color":"","overlay-opacity":"","overlay-gradient":""},"mobile":{"background-color":"","background-image":"","background-repeat":"repeat","background-position":"center center","background-size":"auto","background-attachment":"scroll","background-type":"","background-media":"","overlay-type":"","overlay-color":"","overlay-opacity":"","overlay-gradient":""}},"ast-content-background-meta":{"desktop":{"background-color":"var(--ast-global-color-5)","background-image":"","background-repeat":"repeat","background-position":"center center","background-size":"auto","background-attachment":"scroll","background-type":"","background-media":"","overlay-type":"","overlay-color":"","overlay-opacity":"","overlay-gradient":""},"tablet":{"background-color":"var(--ast-global-color-5)","background-image":"","background-repeat":"repeat","background-position":"center center","background-size":"auto","background-attachment":"scroll","background-type":"","background-media":"","overlay-type":"","overlay-color":"","overlay-opacity":"","overlay-gradient":""},"mobile":{"background-color":"var(--ast-global-color-5)","background-image":"","background-repeat":"repeat","background-position":"center center","background-size":"auto","background-attachment":"scroll","background-type":"","background-media":"","overlay-type":"","overlay-color":"","overlay-opacity":"","overlay-gradient":""}},"footnotes":""},"class_list":["post-2691","page","type-page","status-publish","hentry"],"_links":{"self":[{"href":"https:\/\/cristalesparachimeneas.es\/fr\/wp-json\/wp\/v2\/pages\/2691","targetHints":{"allow":["GET"]}}],"collection":[{"href":"https:\/\/cristalesparachimeneas.es\/fr\/wp-json\/wp\/v2\/pages"}],"about":[{"href":"https:\/\/cristalesparachimeneas.es\/fr\/wp-json\/wp\/v2\/types\/page"}],"author":[{"embeddable":true,"href":"https:\/\/cristalesparachimeneas.es\/fr\/wp-json\/wp\/v2\/users\/1"}],"replies":[{"embeddable":true,"href":"https:\/\/cristalesparachimeneas.es\/fr\/wp-json\/wp\/v2\/comments?post=2691"}],"version-history":[{"count":0,"href":"https:\/\/cristalesparachimeneas.es\/fr\/wp-json\/wp\/v2\/pages\/2691\/revisions"}],"wp:attachment":[{"href":"https:\/\/cristalesparachimeneas.es\/fr\/wp-json\/wp\/v2\/media?parent=2691"}],"curies":[{"name":"wp","href":"https:\/\/api.w.org\/{rel}","templated":true}]}}