{"id":1816,"date":"2025-10-24T11:59:26","date_gmt":"2025-10-24T09:59:26","guid":{"rendered":"https:\/\/cristalesparachimeneas.es\/mentions-legales\/"},"modified":"2026-04-01T09:39:31","modified_gmt":"2026-04-01T07:39:31","slug":"mentions-legales","status":"publish","type":"page","link":"https:\/\/cristalesparachimeneas.es\/fr\/mentions-legales\/","title":{"rendered":"Mentions l\u00e9gales"},"content":{"rendered":"\n<h3 class=\"wp-block-heading\">MENTIONS L\u00c9GALES ET CONDITIONS G\u00c9N\u00c9RALES D\u2019UTILISATION<\/h3>\n\n<h4 class=\"wp-block-heading\">https:\/\/cristalesparachimeneas.es\/<\/h4>\n\n<h3 class=\"wp-block-heading\">I. INFORMATIONS G\u00c9N\u00c9RALES<\/h3>\n\n<p>La propri\u00e9t\u00e9 de ce site web, <a href=\"https:\/\/cristalesparachimeneas.es\/fr\/\">https:\/\/cristalesparachimeneas.es\/<\/a> (ci-apr\u00e8s, \u00ab\u00a0Site Web\u00a0\u00bb), est d\u00e9tenue par\u00a0:<\/p>\n\n<p><strong>Cristales para Chimeneas<\/strong>, avec le NIF : <strong>46874654X<\/strong>, et dont les coordonn\u00e9es sont les suivantes :<\/p>\n\n<p><strong>Adresse e-mail de contact :<\/strong> <a>contacto@cristalesparachimeneas.es<\/a><\/p>\n\n<p><strong>T\u00e9l\u00e9phone de contact : <\/strong>+34601504884<\/p>\n\n<p><strong>Adresse fiscale\u00a0:<\/strong> C\/Lepant 270, 08013, Barcelone<br \/><strong>Attention\u00a0:<\/strong> L\u2019adresse indiqu\u00e9e correspond uniquement au si\u00e8ge administratif et l\u00e9gal du site web. Il ne s\u2019agit pas d\u2019un local ouvert au public, par cons\u00e9quent, les visites physiques et les livraisons ne sont pas accept\u00e9es \u00e0 cet endroit. Toutes les demandes doivent \u00eatre effectu\u00e9es via les moyens de contact indiqu\u00e9s ci-dessus.  <\/p>\n\n<h3 class=\"wp-block-heading\">II. CONDITIONS G\u00c9N\u00c9RALES D\u2019UTILISATION <\/h3>\n\n<h4 class=\"wp-block-heading\">Objet des conditions\u00a0: Le site web<\/h4>\n\n<p>L\u2019objet des pr\u00e9sentes Conditions G\u00e9n\u00e9rales d\u2019Utilisation (ci-apr\u00e8s, Conditions) est de r\u00e9glementer l\u2019acc\u00e8s et l\u2019utilisation du site web. Aux effets des pr\u00e9sentes Conditions, on entendra par Site Web\u00a0: l\u2019apparence externe des interfaces d\u2019\u00e9cran, tant de mani\u00e8re statique que de mani\u00e8re dynamique, c\u2019est-\u00e0-dire, l\u2019arborescence de navigation\u00a0; et tous les \u00e9l\u00e9ments int\u00e9gr\u00e9s tant dans les interfaces d\u2019\u00e9cran que dans l\u2019arborescence de navigation (ci-apr\u00e8s, Contenus) et tous les services ou ressources en ligne qui, le cas \u00e9ch\u00e9ant, seraient propos\u00e9s aux Utilisateurs (ci-apr\u00e8s, Services). <\/p>\n\n<p>Cristales para Chimeneas se r\u00e9serve le droit de modifier, \u00e0 tout moment, et sans pr\u00e9avis, la pr\u00e9sentation et la configuration du Site Web et des Contenus et Services qui pourraient y \u00eatre int\u00e9gr\u00e9s. L\u2019Utilisateur reconna\u00eet et accepte que Cristales para Chimeneas puisse, \u00e0 tout moment, interrompre, d\u00e9sactiver et\/ou annuler l\u2019un quelconque de ces \u00e9l\u00e9ments qui sont int\u00e9gr\u00e9s au Site Web ou l\u2019acc\u00e8s \u00e0 ceux-ci. <\/p>\n\n<p>L\u2019acc\u00e8s au Site Web par l\u2019Utilisateur est libre et, en r\u00e8gle g\u00e9n\u00e9rale, gratuit, sans que l\u2019Utilisateur n\u2019ait \u00e0 fournir de contrepartie pour pouvoir en profiter, sauf en ce qui concerne le co\u00fbt de la connexion via le r\u00e9seau de t\u00e9l\u00e9communications fourni par le fournisseur d\u2019acc\u00e8s que l\u2019Utilisateur aurait engag\u00e9.<\/p>\n\n<p>Outre le co\u00fbt de connexion via le r\u00e9seau de t\u00e9l\u00e9communications fourni par le fournisseur d\u2019acc\u00e8s, et que l\u2019Utilisateur aurait engag\u00e9, certains des Contenus ou Services offerts par Cristales para Chimeneas ou, le cas \u00e9ch\u00e9ant, des tiers via le Site Web peuvent \u00eatre soumis \u00e0 la souscription pr\u00e9alable du Contenu ou Service, auquel cas cela sera sp\u00e9cifi\u00e9 clairement et\/ou les Conditions G\u00e9n\u00e9rales ou Particuli\u00e8res correspondantes qui r\u00e9gissent cela seront mises \u00e0 la disposition de l\u2019Utilisateur.<\/p>\n\n<p>L\u2019utilisation de certains des Contenus ou Services du Site Web pourra se faire au moyen de la souscription ou de l\u2019enregistrement pr\u00e9alable de l\u2019Utilisateur.<\/p>\n\n<p>L\u2019utilisation des Contenus ne requiert aucune souscription ou enregistrement pr\u00e9alable.<\/p>\n\n<h4 class=\"wp-block-heading\">L\u2019Utilisateur<\/h4>\n\n<p>L\u2019acc\u00e8s, la navigation et l\u2019utilisation du Site Web, ainsi que les espaces habilit\u00e9s pour interagir entre les Utilisateurs, et l\u2019Utilisateur et Cristales para Chimeneas, comme les commentaires et\/ou les espaces de blogging, conf\u00e8rent la condition d\u2019Utilisateur, par cons\u00e9quent, toutes les Conditions \u00e9tablies ici, ainsi que leurs modifications ult\u00e9rieures, sont accept\u00e9es d\u00e8s le d\u00e9but de la navigation sur le Site Web, sans pr\u00e9judice de l\u2019application de la r\u00e9glementation l\u00e9gale correspondante de caract\u00e8re obligatoire selon le cas. Compte tenu de l\u2019importance de ce qui pr\u00e9c\u00e8de, il est recommand\u00e9 \u00e0 l\u2019Utilisateur de les lire chaque fois qu\u2019il visite le Site Web. <\/p>\n\n<p>Le Site Web de Cristales para Chimeneas fournit une grande diversit\u00e9 d\u2019informations, de services et de donn\u00e9es. L\u2019Utilisateur assume sa responsabilit\u00e9 pour r\u00e9aliser une utilisation correcte du Site Web. Cette responsabilit\u00e9 s\u2019\u00e9tendra \u00e0\u00a0:  <\/p>\n\n<ul class=\"wp-block-list\">\n<li>Une utilisation des informations, des Contenus et\/ou des Services et des donn\u00e9es offerts par Cristales para Chimeneas qui ne soit pas contraire aux dispositions des pr\u00e9sentes Conditions, de la Loi, de la morale ou de l\u2019ordre public, ou qui, de toute autre mani\u00e8re, puisse entra\u00eener une atteinte aux droits de tiers ou au fonctionnement m\u00eame du Site Web.<\/li>\n\n\n\n<li>La v\u00e9racit\u00e9 et la lic\u00e9it\u00e9 des informations fournies par l\u2019Utilisateur dans les formulaires mis \u00e0 disposition par Cristales para Chimeneas pour l\u2019acc\u00e8s \u00e0 certains Contenus ou Services offerts par le Site Web. Dans tous les cas, l\u2019Utilisateur notifiera imm\u00e9diatement \u00e0 Cristales para Chimeneas tout fait permettant l\u2019utilisation abusive des informations enregistr\u00e9es dans lesdits formulaires, tels que, mais sans s\u2019y limiter, le vol, la perte ou l\u2019acc\u00e8s non autoris\u00e9 aux identifiants et\/ou mots de passe, afin de proc\u00e9der \u00e0 leur annulation imm\u00e9diate. <\/li>\n<\/ul>\n\n<p>Cristales para Chimeneas se r\u00e9serve le droit de retirer tous les commentaires et contributions qui violent la loi, le respect de la dignit\u00e9 de la personne, qui sont discriminatoires, x\u00e9nophobes, racistes, pornographiques, spammant, qui portent atteinte \u00e0 la jeunesse ou \u00e0 l\u2019enfance, \u00e0 l\u2019ordre ou \u00e0 la s\u00e9curit\u00e9 publique ou qui, \u00e0 son avis, ne seraient pas appropri\u00e9s pour leur publication.<\/p>\n\n<p>Dans tous les cas, Cristales para Chimeneas ne sera pas responsable des opinions exprim\u00e9es par les Utilisateurs via des commentaires ou d\u2019autres outils de blogging ou de participation qui pourraient exister.<\/p>\n\n<p>Le simple acc\u00e8s \u00e0 ce Site Web ne suppose l\u2019\u00e9tablissement d\u2019aucune relation de nature commerciale entre Cristales para Chimeneas et l\u2019Utilisateur.<\/p>\n\n<p>L\u2019Utilisateur d\u00e9clare \u00eatre majeur et disposer de la capacit\u00e9 juridique suffisante pour \u00eatre li\u00e9 par les pr\u00e9sentes Conditions. Par cons\u00e9quent, ce Site Web de Cristales para Chimeneas ne s\u2019adresse pas aux mineurs. Cristales para Chimeneas d\u00e9cline toute responsabilit\u00e9 en cas de non-respect de cette exigence.  <\/p>\n\n<p>Toujours dans le respect de la l\u00e9gislation en vigueur, ce Site Web de Cristales para Chimeneas s\u2019adresse \u00e0 toutes les personnes, quel que soit leur \u00e2ge, qui peuvent acc\u00e9der et\/ou naviguer sur les pages du Site Web.<\/p>\n\n<p>Le Site Web s\u2019adresse principalement aux Utilisateurs r\u00e9sidant en . Cristales para Chimeneas ne garantit pas que le Site Web soit conforme aux l\u00e9gislations d\u2019autres pays, que ce soit totalement ou partiellement. Si l\u2019Utilisateur r\u00e9side ou a son domicile dans un autre lieu et d\u00e9cide d\u2019acc\u00e9der et\/ou de naviguer sur le Site Web, il le fera sous sa propre responsabilit\u00e9, il devra s\u2019assurer que cet acc\u00e8s et cette navigation sont conformes \u00e0 la l\u00e9gislation locale qui lui est applicable, Cristales para Chimeneas n\u2019assumant aucune responsabilit\u00e9 qui pourrait d\u00e9couler dudit acc\u00e8s.  <\/p>\n\n<h3 class=\"wp-block-heading\">III. ACC\u00c8S ET NAVIGATION SUR LE SITE WEB\u00a0: EXCLUSION DE GARANTIES ET DE RESPONSABILIT\u00c9 <\/h3>\n\n<p>Cristales para Chimeneas ne garantit pas la continuit\u00e9, la disponibilit\u00e9 et l\u2019utilit\u00e9 du Site Web, ni des Contenus ou Services. Cristales para Chimeneas fera tout son possible pour le bon fonctionnement du Site Web, cependant, elle ne se responsabilise pas et ne garantit pas que l\u2019acc\u00e8s \u00e0 ce Site Web ne sera pas interrompu ou qu\u2019il sera exempt d\u2019erreur. <\/p>\n\n<p>Elle ne se responsabilise pas et ne garantit pas non plus que le contenu ou le logiciel auquel il est possible d\u2019acc\u00e9der via ce Site Web, soit exempt d\u2019erreur ou cause un dommage au syst\u00e8me informatique (logiciel et mat\u00e9riel) de l\u2019Utilisateur. En aucun cas, Cristales para Chimeneas ne sera responsable des pertes, dommages ou pr\u00e9judices de quelque nature que ce soit qui surviennent en raison de l\u2019acc\u00e8s, de la navigation et de l\u2019utilisation du Site Web, y compris, mais sans s\u2019y limiter, ceux occasionn\u00e9s aux syst\u00e8mes informatiques ou ceux provoqu\u00e9s par l\u2019introduction de virus. <\/p>\n\n<p>Cristales para Chimeneas ne se tient pas non plus responsable des dommages qui pourraient \u00eatre occasionn\u00e9s aux utilisateurs en raison d\u2019une utilisation inappropri\u00e9e de ce Site Web. En particulier, elle ne se tient responsable en aucun cas des pannes, interruptions, manque ou d\u00e9faut des t\u00e9l\u00e9communications qui pourraient survenir. <\/p>\n\n<h3 class=\"wp-block-heading\">IV. POLITIQUE DE LIENS <\/h3>\n\n<p>Il est signal\u00e9 que le Site Web de Cristales para Chimeneas met ou peut mettre \u00e0 la disposition des Utilisateurs des moyens de lien (comme, entre autres, des liens, des banni\u00e8res, des boutons), des r\u00e9pertoires et des moteurs de recherche qui permettent aux Utilisateurs d\u2019acc\u00e9der \u00e0 des sites web appartenant et\/ou g\u00e9r\u00e9s par des tiers.<\/p>\n\n<p>L\u2019installation de ces liens, r\u00e9pertoires et moteurs de recherche sur le Site Web a pour objet de faciliter aux Utilisateurs la recherche et l\u2019acc\u00e8s \u00e0 l\u2019information disponible sur Internet, sans que cela puisse \u00eatre consid\u00e9r\u00e9 comme une suggestion, une recommandation ou une invitation \u00e0 la visite de ceux-ci.<\/p>\n\n<p>Cristales para Chimeneas n\u2019offre ni ne commercialise par elle-m\u00eame ni par l\u2019interm\u00e9diaire de tiers les produits et\/ou services disponibles sur lesdits sites li\u00e9s.<\/p>\n\n<p>Cristales para Chimeneas offre des contenus sponsoris\u00e9s, des annonces et\/ou des liens d\u2019affiliation. L\u2019information qui appara\u00eet dans ces liens d\u2019affiliation ou les annonces ins\u00e9r\u00e9es, sont fournies par les annonceurs eux-m\u00eames, par cons\u00e9quent, Cristales para Chimeneas ne se tient pas responsable d\u2019\u00e9ventuelles inexactitudes ou erreurs que pourraient contenir les annonces, ni ne garantit en aucun cas l\u2019exp\u00e9rience, l\u2019int\u00e9grit\u00e9 ou la responsabilit\u00e9 des annonceurs ou la qualit\u00e9 de leurs produits et\/ou services. <\/p>\n\n<p>De m\u00eame, elle ne garantira pas non plus la disponibilit\u00e9 technique, l\u2019exactitude, la v\u00e9racit\u00e9, la validit\u00e9 ou la l\u00e9galit\u00e9 de sites \u00e9trangers \u00e0 sa propri\u00e9t\u00e9 auxquels il est possible d\u2019acc\u00e9der au moyen des liens.<\/p>\n\n<p>Cristales para Chimeneas ne r\u00e9visera ou ne contr\u00f4lera en aucun cas le contenu d\u2019autres sites web, et n\u2019approuve, n\u2019examine ni ne s\u2019approprie non plus les produits et services, les contenus, les fichiers et tout autre mat\u00e9riel existant sur lesdits sites li\u00e9s.<\/p>\n\n<p>Cristales para Chimeneas n\u2019assume aucune responsabilit\u00e9 pour les dommages et pr\u00e9judices qui pourraient \u00eatre occasionn\u00e9s par l\u2019acc\u00e8s, l\u2019utilisation, la qualit\u00e9 ou la lic\u00e9it\u00e9 des contenus, des communications, des opinions, des produits et des services des sites web non g\u00e9r\u00e9s par Cristales para Chimeneas et qui sont li\u00e9s sur ce Site Web.<\/p>\n\n<p>L\u2019Utilisateur ou le tiers qui r\u00e9alise un hyperlien depuis une page web d\u2019un autre site web, diff\u00e9rent, vers le Site Web de Cristales para Chimeneas devra savoir que\u00a0:<\/p>\n\n<p>La reproduction \u2014 totale ou partielle \u2014 d\u2019aucun des Contenus et\/ou Services du Site Web n\u2019est permise sans l\u2019autorisation expresse de Cristales para Chimeneas.<\/p>\n\n<p>Aucune manifestation fausse, inexacte ou incorrecte sur le Site Web de Cristales para Chimeneas, ni sur les Contenus et\/ou Services de celui-ci n\u2019est permise non plus.<\/p>\n\n<p>\u00c0 l\u2019exception de l\u2019hyperlien, le site web sur lequel ledit hyperlien est \u00e9tabli ne contiendra aucun \u00e9l\u00e9ment, de ce Site Web, prot\u00e9g\u00e9 comme propri\u00e9t\u00e9 intellectuelle par le syst\u00e8me juridique espagnol, sauf autorisation expresse de Cristales para Chimeneas.<\/p>\n\n<p>L\u2019\u00e9tablissement de l\u2019hyperlien n\u2019impliquera pas l\u2019existence de relations entre Cristales para Chimeneas et le titulaire du site web depuis lequel il est r\u00e9alis\u00e9, ni la connaissance et l\u2019acceptation par Cristales para Chimeneas des contenus, services et\/ou activit\u00e9s offerts sur ledit site web, et vice versa.<\/p>\n\n<h3 class=\"wp-block-heading\">V. PROPRI\u00c9T\u00c9 INTELLECTUELLE ET INDUSTRIELLE<\/h3>\n\n<p>Cristales para Chimeneas, par elle-m\u00eame ou en tant que cessionnaire, est titulaire de tous les droits de propri\u00e9t\u00e9 intellectuelle et industrielle du Site Web, ainsi que des \u00e9l\u00e9ments contenus dans celui-ci (\u00e0 titre \u00e9nonciatif et non exhaustif, images, son, audio, vid\u00e9o, logiciel ou textes, marques ou logos, combinaisons de couleurs, structure et conception, s\u00e9lection de mat\u00e9riaux utilis\u00e9s, programmes d\u2019ordinateur n\u00e9cessaires \u00e0 son fonctionnement, acc\u00e8s et utilisation, etc.). Seront, par cons\u00e9quent, des \u0153uvres prot\u00e9g\u00e9es comme propri\u00e9t\u00e9 intellectuelle par le syst\u00e8me juridique espagnol, \u00e9tant applicables \u00e0 celles-ci tant la r\u00e9glementation espagnole et communautaire dans ce domaine, que les trait\u00e9s internationaux relatifs \u00e0 la mati\u00e8re et souscrits par l\u2019Espagne. <\/p>\n\n<p>Tous droits r\u00e9serv\u00e9s. En vertu des dispositions de la Loi sur la Propri\u00e9t\u00e9 Intellectuelle, la reproduction, la distribution et la communication publique, y compris sa modalit\u00e9 de mise \u00e0 disposition, de tout ou partie des contenus de cette page web, \u00e0 des fins commerciales, sur tout support et par tout moyen technique, sans l\u2019autorisation de Cristales para Chimeneas, sont express\u00e9ment interdites. <\/p>\n\n<p>L\u2019Utilisateur s\u2019engage \u00e0 respecter les droits de propri\u00e9t\u00e9 intellectuelle et industrielle de Cristales para Chimeneas. Il pourra visualiser les \u00e9l\u00e9ments du Site Web ou m\u00eame les imprimer, les copier et les stocker sur le disque dur de son ordinateur ou sur tout autre support physique \u00e0 condition que ce soit, exclusivement, pour son usage personnel. L\u2019Utilisateur, cependant, ne pourra pas supprimer, alt\u00e9rer ou manipuler tout dispositif de protection ou syst\u00e8me de s\u00e9curit\u00e9 qui serait install\u00e9 sur le Site Web.  <\/p>\n\n<p>Dans le cas o\u00f9 l\u2019Utilisateur ou un tiers consid\u00e8re que l\u2019un quelconque des Contenus du Site Web suppose une violation des droits de protection de la propri\u00e9t\u00e9 intellectuelle, il devra le communiquer imm\u00e9diatement \u00e0 Cristales para Chimeneas via les coordonn\u00e9es de contact de la section INFORMATIONS G\u00c9N\u00c9RALES des pr\u00e9sentes Mentions L\u00e9gales et Conditions G\u00e9n\u00e9rales d\u2019Utilisation.<\/p>\n\n<h3 class=\"wp-block-heading\">VI. ACTIONS L\u00c9GALES, L\u00c9GISLATION APPLICABLE ET JURIDICTION <\/h3>\n\n<p>Cristales para Chimeneas se r\u00e9serve le droit de pr\u00e9senter les actions civiles ou p\u00e9nales qu\u2019elle consid\u00e8re n\u00e9cessaires en raison de l\u2019utilisation abusive du Site Web et des Contenus, ou en raison du non-respect des pr\u00e9sentes Conditions.<\/p>\n\n<p>La relation entre l\u2019Utilisateur et Cristales para Chimeneas sera r\u00e9gie par la r\u00e9glementation en vigueur et applicable sur le territoire espagnol. En cas de litige concernant l\u2019interpr\u00e9tation et\/ou l\u2019application de ces Conditions, les parties soumettront leurs conflits \u00e0 la juridiction ordinaire en se soumettant aux juges et tribunaux qui correspondent conform\u00e9ment au droit. <\/p>\n","protected":false},"excerpt":{"rendered":"<p>MENTIONS L\u00c9GALES ET CONDITIONS G\u00c9N\u00c9RALES D\u2019UTILISATION https:\/\/cristalesparachimeneas.es\/ I. INFORMATIONS G\u00c9N\u00c9RALES La propri\u00e9t\u00e9 de ce site web, https:\/\/cristalesparachimeneas.es\/ (ci-apr\u00e8s, \u00ab\u00a0Site Web\u00a0\u00bb), [&hellip;]<\/p>\n","protected":false},"author":1,"featured_media":0,"parent":0,"menu_order":0,"comment_status":"closed","ping_status":"closed","template":"","meta":{"site-sidebar-layout":"default","site-content-layout":"","ast-site-content-layout":"default","site-content-style":"default","site-sidebar-style":"default","ast-global-header-display":"","ast-banner-title-visibility":"","ast-main-header-display":"","ast-hfb-above-header-display":"","ast-hfb-below-header-display":"","ast-hfb-mobile-header-display":"","site-post-title":"","ast-breadcrumbs-content":"","ast-featured-img":"","footer-sml-layout":"","ast-disable-related-posts":"","theme-transparent-header-meta":"","adv-header-id-meta":"","stick-header-meta":"","header-above-stick-meta":"","header-main-stick-meta":"","header-below-stick-meta":"","astra-migrate-meta-layouts":"default","ast-page-background-enabled":"default","ast-page-background-meta":{"desktop":{"background-color":"var(--ast-global-color-4)","background-image":"","background-repeat":"repeat","background-position":"center center","background-size":"auto","background-attachment":"scroll","background-type":"","background-media":"","overlay-type":"","overlay-color":"","overlay-opacity":"","overlay-gradient":""},"tablet":{"background-color":"","background-image":"","background-repeat":"repeat","background-position":"center center","background-size":"auto","background-attachment":"scroll","background-type":"","background-media":"","overlay-type":"","overlay-color":"","overlay-opacity":"","overlay-gradient":""},"mobile":{"background-color":"","background-image":"","background-repeat":"repeat","background-position":"center center","background-size":"auto","background-attachment":"scroll","background-type":"","background-media":"","overlay-type":"","overlay-color":"","overlay-opacity":"","overlay-gradient":""}},"ast-content-background-meta":{"desktop":{"background-color":"var(--ast-global-color-5)","background-image":"","background-repeat":"repeat","background-position":"center center","background-size":"auto","background-attachment":"scroll","background-type":"","background-media":"","overlay-type":"","overlay-color":"","overlay-opacity":"","overlay-gradient":""},"tablet":{"background-color":"var(--ast-global-color-5)","background-image":"","background-repeat":"repeat","background-position":"center center","background-size":"auto","background-attachment":"scroll","background-type":"","background-media":"","overlay-type":"","overlay-color":"","overlay-opacity":"","overlay-gradient":""},"mobile":{"background-color":"var(--ast-global-color-5)","background-image":"","background-repeat":"repeat","background-position":"center center","background-size":"auto","background-attachment":"scroll","background-type":"","background-media":"","overlay-type":"","overlay-color":"","overlay-opacity":"","overlay-gradient":""}},"footnotes":""},"class_list":["post-1816","page","type-page","status-publish","hentry"],"_links":{"self":[{"href":"https:\/\/cristalesparachimeneas.es\/fr\/wp-json\/wp\/v2\/pages\/1816","targetHints":{"allow":["GET"]}}],"collection":[{"href":"https:\/\/cristalesparachimeneas.es\/fr\/wp-json\/wp\/v2\/pages"}],"about":[{"href":"https:\/\/cristalesparachimeneas.es\/fr\/wp-json\/wp\/v2\/types\/page"}],"author":[{"embeddable":true,"href":"https:\/\/cristalesparachimeneas.es\/fr\/wp-json\/wp\/v2\/users\/1"}],"replies":[{"embeddable":true,"href":"https:\/\/cristalesparachimeneas.es\/fr\/wp-json\/wp\/v2\/comments?post=1816"}],"version-history":[{"count":0,"href":"https:\/\/cristalesparachimeneas.es\/fr\/wp-json\/wp\/v2\/pages\/1816\/revisions"}],"wp:attachment":[{"href":"https:\/\/cristalesparachimeneas.es\/fr\/wp-json\/wp\/v2\/media?parent=1816"}],"curies":[{"name":"wp","href":"https:\/\/api.w.org\/{rel}","templated":true}]}}