{"id":1810,"date":"2025-10-22T14:44:08","date_gmt":"2025-10-22T12:44:08","guid":{"rendered":"https:\/\/cristalesparachimeneas.es\/comment-installer-le-verre-de-cheminee\/"},"modified":"2026-03-17T08:04:30","modified_gmt":"2026-03-17T06:04:30","slug":"comment-installer-le-verre-de-cheminee","status":"publish","type":"page","link":"https:\/\/cristalesparachimeneas.es\/fr\/comment-installer-le-verre-de-cheminee\/","title":{"rendered":"Comment installer le verre de chemin\u00e9e"},"content":{"rendered":"\n<div class=\"wp-block-uagb-advanced-heading uagb-block-92b8954b\"><h1 class=\"uagb-heading-text\">Comment installer le verre de chemin\u00e9e \u00e9tape par \u00e9tape<\/h1><\/div>\n\n<p>Remplacer le verre de chemin\u00e9e est beaucoup plus facile qu\u2019il n\u2019y para\u00eet. Avec quelques outils et en suivant ces \u00e9tapes, vous pourrez le faire vous-m\u00eame \u00e0 la maison sans complications. <\/p>\n\n<p>Qu\u2019il s\u2019agisse d\u2019un verre vitroc\u00e9ramique pour une chemin\u00e9e \u00e0 bois, \u00e0 pellets ou \u00e0 gaz, la proc\u00e9dure est pratiquement la m\u00eame. L\u2019important est de choisir le verre de chemin\u00e9e sur mesure, avec les dimensions exactes et toujours fabriqu\u00e9 en verre vitroc\u00e9ramique r\u00e9sistant aux hautes temp\u00e9ratures. <\/p>\n\n<hr class=\"wp-block-separator has-alpha-channel-opacity\" \/>\n\n<h3 class=\"wp-block-heading\">Avant de commencer\u00a0: ce dont vous avez besoin<\/h3>\n\n<p><strong>Mat\u00e9riaux et outils recommand\u00e9s\u00a0:<\/strong><\/p>\n\n<ul class=\"wp-block-list\">\n<li>Tournevis ou cl\u00e9 adapt\u00e9e aux vis de la porte<\/li>\n\n\n\n<li>Huile multi-usages (WD-40 ou similaire)<\/li>\n\n\n\n<li>Chiffon ou papier absorbant<\/li>\n\n\n\n<li>Joint pla ou gants de protection<\/li>\n\n\n\n<li>Joint rond thermique ou joint c\u00e9ramique neuf (facultatif)<\/li>\n\n\n\n<li>Votre nouveau verre pour chemin\u00e9e ou po\u00eale \u00e0 bois<\/li>\n<\/ul>\n\n<hr class=\"wp-block-separator has-alpha-channel-opacity\" \/>\n\n<h3 class=\"wp-block-heading\">\u00c9tape\u00a01\u00a0: D\u00e9monter la porte de la chemin\u00e9e<\/h3>\n\n<p>Si le mod\u00e8le le permet, d\u00e9montez la porte et placez-la sur une surface plane, stable et prot\u00e9g\u00e9e (par exemple, une table avec du carton ou une serviette).<br \/>Cela vous permettra de travailler plus confortablement et d\u2019\u00e9viter d\u2019exercer une pression in\u00e9gale sur le verre.<\/p>\n\n<hr class=\"wp-block-separator has-alpha-channel-opacity\" \/>\n\n<h3 class=\"wp-block-heading\">\u00c9tape\u00a02\u00a0: Desserrez les supports de l\u2019ancien verre<\/h3>\n\n<p>Pulv\u00e9risez les vis avec de l\u2019huile multi-usages et laissez agir quelques minutes.<br \/>Ensuite, retirez les supports ou les agrafes qui maintiennent le verre.<br \/>Si les vis sont gripp\u00e9es, ne les forcez pas : laissez agir l\u2019huile un peu plus longtemps ou utilisez un outil appropri\u00e9 pour ne pas endommager le filetage.<br \/>Gardez tous les \u00e9l\u00e9ments (vis, agrafes, but\u00e9es\u2026) car vous en aurez besoin plus tard.<\/p>\n\n<hr class=\"wp-block-separator has-alpha-channel-opacity\" \/>\n\n<h3 class=\"wp-block-heading\">\u00c9tape\u00a03\u00a0: Retirer le verre et nettoyer le cadre<\/h3>\n\n<p>Avec beaucoup de pr\u00e9caution, retirez l\u2019ancien verre de la chemin\u00e9e.<br \/>S\u2019il est cass\u00e9, utilisez des gants afin d\u2019\u00e9viter toute coupure. Retirez \u00e9galement tout reste de verre, de cendre ou d\u2019ancien joint.<br \/>Une surface propre est essentielle pour que le nouveau verre vitroc\u00e9ramique s\u2019installe correctement. <\/p>\n\n<hr class=\"wp-block-separator has-alpha-channel-opacity\" \/>\n\n<h3 class=\"wp-block-heading\">\u00c9tape\u00a04\u00a0: Placer le nouveau joint thermique<\/h3>\n\n<p>Dans notre boutique, vous trouverez des joints thermiques en fibre de verre, disponibles en format joint <a href=\"https:\/\/cristalesparachimeneas.es\/fr\/categorie-produit\/joint-pla-pour-cheminees-et-poeles\/\">plate<\/a> ou <a href=\"https:\/\/cristalesparachimeneas.es\/fr\/categorie-produit\/joint-rond-pour-cheminees-et-poeles\/\">rond<\/a>, id\u00e9als pour les applications \u00e0 haute temp\u00e9rature.<\/p>\n\n<hr class=\"wp-block-separator has-alpha-channel-opacity\" \/>\n\n<h3 class=\"wp-block-heading\">\u00c9tape\u00a05\u00a0: Installer le nouveau verre de chemin\u00e9e<\/h3>\n\n<p>Placez le nouveau verre vitroc\u00e9ramique pour chemin\u00e9e sur le joint de en fibre de verre, en l\u2019ajustant avec pr\u00e9caution.<br \/>Ensuite, remontez les supports m\u00e9talliques et serrez les vis sans forcer excessivement.<br \/>N\u2019oubliez pas : le verre a besoin d\u2019un l\u00e9ger jeu pour se dilater avec la chaleur. Si les vis sont trop serr\u00e9es, il pourrait se fissurer \u00e0 l\u2019usage.<\/p>\n\n<hr class=\"wp-block-separator has-alpha-channel-opacity\" \/>\n\n<h3 class=\"wp-block-heading\">\u00c9tape\u00a06\u00a0: Monter la porte et v\u00e9rifier la fermeture<\/h3>\n\n<p>Une fois le nouveau verre de chemin\u00e9e fix\u00e9, remettez la porte en place.<br \/>V\u00e9rifiez qu\u2019elle s\u2019ouvre et se ferme en douceur et que le verre est bien positionn\u00e9, sans jeu ni pression in\u00e9gale.<br \/>C\u2019est termin\u00e9 ! Vous avez install\u00e9 vous-m\u00eame un verre pour po\u00eale \u00e0 bois ou chemin\u00e9e de mani\u00e8re s\u00fbre et professionnelle. <\/p>\n\n<hr class=\"wp-block-separator has-alpha-channel-opacity\" \/>\n\n<h2 class=\"wp-block-heading\">Conseils finaux<\/h2>\n\n<ul class=\"wp-block-list\">\n<li>Assurez-vous d\u2019acheter des verres pour chemin\u00e9es \u00e0 bois fabriqu\u00e9s en verre vitroc\u00e9ramique, et non en verre normal (le verre conventionnel ne r\u00e9siste pas aux hautes temp\u00e9ratures).<\/li>\n\n\n\n<li>Si vous avez besoin d\u2019un verre de chemin\u00e9e sur mesure, vous pouvez le demander <a href=\"https:\/\/cristalesparachimeneas.es\/fr\/produit\/vitre-insert-poele-sur-mesure\/\" data-type=\"link\" data-id=\"https:\/\/cristalesparachimeneas.es\/product\/cristal-para-chimenea-a-medida\/\">ici.<\/a><\/li>\n\n\n\n<li>V\u00e9rifiez p\u00e9riodiquement l\u2019\u00e9tat du cordon thermique\u00a0: une bonne \u00e9tanch\u00e9it\u00e9 am\u00e9liore l\u2019efficacit\u00e9 et la s\u00e9curit\u00e9.<\/li>\n\n\n\n<li>N\u2019utilisez pas de produits abrasifs pour nettoyer le verre ; un nettoyant sp\u00e9cifique pour verres de chemin\u00e9e suffira.<\/li>\n<\/ul>\n\n<hr class=\"wp-block-separator has-alpha-channel-opacity\" \/>\n\n<h3 class=\"wp-block-heading\">Combien co\u00fbte un verre de chemin\u00e9e\u00a0?<\/h3>\n\n<p>Le prix du verre de chemin\u00e9e d\u00e9pend du type de coupe et des mesures.<br \/>Dans notre <a href=\"https:\/\/cristalesparachimeneas.es\/fr\/boutique\/\" data-type=\"link\" data-id=\"https:\/\/cristalesparachimeneas.es\/tiendacristalesparachimeneas\/\">boutique<\/a>, vous trouverez des verres vitroc\u00e9ramiques sur mesure pour chemin\u00e9es et po\u00eales \u00e0 bois, toujours avec des mat\u00e9riaux de qualit\u00e9 sup\u00e9rieure et une livraison rapide.<\/p>\n\n<hr class=\"wp-block-separator has-alpha-channel-opacity\" \/>\n\n<p>En r\u00e9sum\u00e9 : installer soi-m\u00eame le verre de chemin\u00e9e ou le verre de po\u00eale \u00e0 bois est une t\u00e2che simple si vous suivez ces \u00e9tapes de base.<br \/>Avec un peu de patience et les outils appropri\u00e9s, votre chemin\u00e9e fonctionnera \u00e0 nouveau en toute s\u00e9curit\u00e9 et efficacit\u00e9.<\/p>\n","protected":false},"excerpt":{"rendered":"<p>Remplacer le verre de chemin\u00e9e est beaucoup plus facile qu\u2019il n\u2019y para\u00eet. Avec quelques outils et en suivant ces \u00e9tapes, [&hellip;]<\/p>\n","protected":false},"author":1,"featured_media":0,"parent":0,"menu_order":0,"comment_status":"closed","ping_status":"closed","template":"","meta":{"site-sidebar-layout":"default","site-content-layout":"","ast-site-content-layout":"default","site-content-style":"default","site-sidebar-style":"default","ast-global-header-display":"","ast-banner-title-visibility":"","ast-main-header-display":"","ast-hfb-above-header-display":"","ast-hfb-below-header-display":"","ast-hfb-mobile-header-display":"","site-post-title":"disabled","ast-breadcrumbs-content":"","ast-featured-img":"","footer-sml-layout":"","ast-disable-related-posts":"","theme-transparent-header-meta":"","adv-header-id-meta":"","stick-header-meta":"","header-above-stick-meta":"","header-main-stick-meta":"","header-below-stick-meta":"","astra-migrate-meta-layouts":"set","ast-page-background-enabled":"default","ast-page-background-meta":{"desktop":{"background-color":"var(--ast-global-color-4)","background-image":"","background-repeat":"repeat","background-position":"center center","background-size":"auto","background-attachment":"scroll","background-type":"","background-media":"","overlay-type":"","overlay-color":"","overlay-opacity":"","overlay-gradient":""},"tablet":{"background-color":"","background-image":"","background-repeat":"repeat","background-position":"center center","background-size":"auto","background-attachment":"scroll","background-type":"","background-media":"","overlay-type":"","overlay-color":"","overlay-opacity":"","overlay-gradient":""},"mobile":{"background-color":"","background-image":"","background-repeat":"repeat","background-position":"center center","background-size":"auto","background-attachment":"scroll","background-type":"","background-media":"","overlay-type":"","overlay-color":"","overlay-opacity":"","overlay-gradient":""}},"ast-content-background-meta":{"desktop":{"background-color":"var(--ast-global-color-5)","background-image":"","background-repeat":"repeat","background-position":"center center","background-size":"auto","background-attachment":"scroll","background-type":"","background-media":"","overlay-type":"","overlay-color":"","overlay-opacity":"","overlay-gradient":""},"tablet":{"background-color":"var(--ast-global-color-5)","background-image":"","background-repeat":"repeat","background-position":"center center","background-size":"auto","background-attachment":"scroll","background-type":"","background-media":"","overlay-type":"","overlay-color":"","overlay-opacity":"","overlay-gradient":""},"mobile":{"background-color":"var(--ast-global-color-5)","background-image":"","background-repeat":"repeat","background-position":"center center","background-size":"auto","background-attachment":"scroll","background-type":"","background-media":"","overlay-type":"","overlay-color":"","overlay-opacity":"","overlay-gradient":""}},"footnotes":""},"class_list":["post-1810","page","type-page","status-publish","hentry"],"_links":{"self":[{"href":"https:\/\/cristalesparachimeneas.es\/fr\/wp-json\/wp\/v2\/pages\/1810","targetHints":{"allow":["GET"]}}],"collection":[{"href":"https:\/\/cristalesparachimeneas.es\/fr\/wp-json\/wp\/v2\/pages"}],"about":[{"href":"https:\/\/cristalesparachimeneas.es\/fr\/wp-json\/wp\/v2\/types\/page"}],"author":[{"embeddable":true,"href":"https:\/\/cristalesparachimeneas.es\/fr\/wp-json\/wp\/v2\/users\/1"}],"replies":[{"embeddable":true,"href":"https:\/\/cristalesparachimeneas.es\/fr\/wp-json\/wp\/v2\/comments?post=1810"}],"version-history":[{"count":0,"href":"https:\/\/cristalesparachimeneas.es\/fr\/wp-json\/wp\/v2\/pages\/1810\/revisions"}],"wp:attachment":[{"href":"https:\/\/cristalesparachimeneas.es\/fr\/wp-json\/wp\/v2\/media?parent=1810"}],"curies":[{"name":"wp","href":"https:\/\/api.w.org\/{rel}","templated":true}]}}