{"id":1806,"date":"2025-10-16T21:15:55","date_gmt":"2025-10-16T19:15:55","guid":{"rendered":"https:\/\/cristalesparachimeneas.es\/faq-vitres-pour-cheminees\/"},"modified":"2026-03-13T21:49:31","modified_gmt":"2026-03-13T19:49:31","slug":"faq-vitres-pour-cheminees","status":"publish","type":"page","link":"https:\/\/cristalesparachimeneas.es\/fr\/faq-vitres-pour-cheminees\/","title":{"rendered":"FAQ &#8211; Vitres pour chemin\u00e9es"},"content":{"rendered":"\n<div class=\"wp-block-uagb-advanced-heading uagb-block-7754cef3\"><h1 class=\"uagb-heading-text\">Foire aux questions sur le verre c\u00e9ramique<\/h1><\/div>\n\n<p>Dans cette section, vous trouverez des r\u00e9ponses aux questions les plus fr\u00e9quentes sur le verre pour chemin\u00e9es et po\u00eales\u00a0: quel type de verre est utilis\u00e9, comment le maintenir propre, que faire s\u2019il se salit ou se fissure, et comment choisir le mod\u00e8le adapt\u00e9 \u00e0 votre installation.<br \/>Notre objectif est de vous aider \u00e0 mieux comprendre les diff\u00e9rences entre les diff\u00e9rents types de verre, leur r\u00e9sistance \u00e0 la chaleur et les soins n\u00e9cessaires pour que votre chemin\u00e9e fonctionne en toute s\u00e9curit\u00e9 et clart\u00e9.<\/p>\n\n<div class=\"wp-block-uagb-advanced-heading uagb-block-17033d98\"><h2 class=\"uagb-heading-text\">1. <strong>Mat\u00e9riaux et caract\u00e9ristiques<\/strong><\/h2><\/div>\n\n\n\n\n\n\n\n\n\n\n\n<div class=\"wp-block-uagb-advanced-heading uagb-block-0578bde6\"><h2 class=\"uagb-heading-text\">2 Utilisation et compatibilit\u00e9<\/h2><\/div>\n\n\n\n\n\n\n\n\n\n<div class=\"wp-block-uagb-advanced-heading uagb-block-ea50475c\"><h2 class=\"uagb-heading-text\">3. <strong>Entretien et <\/strong>nettoyage<\/h2><\/div>\n\n\n\n\n\n\n\n\n\n<div class=\"wp-block-uagb-advanced-heading uagb-block-ce5ffb75\"><h2 class=\"uagb-heading-text\">4. <strong>S\u00e9curit\u00e9 et r\u00e9sistance<\/strong><\/h2><\/div>\n\n\n\n\n\n\n\n\n\n<div class=\"wp-block-uagb-advanced-heading uagb-block-c8afff93\"><h2 class=\"uagb-heading-text\">5. <strong>Achat et envoi<\/strong><\/h2><\/div>\n\n\n\n\n\n\n\n\n\n<div class=\"wp-block-uagb-advanced-heading uagb-block-d65291e0\"><h2 class=\"uagb-heading-text\">6. <strong>Informations pratiques<\/strong><\/h2><\/div>\n\n\n\n\n\n\n\n\n","protected":false},"excerpt":{"rendered":"<p>Dans cette section, vous trouverez des r\u00e9ponses aux questions les plus fr\u00e9quentes sur le verre pour chemin\u00e9es et po\u00eales\u00a0: quel [&hellip;]<\/p>\n","protected":false},"author":1,"featured_media":0,"parent":0,"menu_order":0,"comment_status":"closed","ping_status":"closed","template":"","meta":{"site-sidebar-layout":"default","site-content-layout":"","ast-site-content-layout":"default","site-content-style":"default","site-sidebar-style":"default","ast-global-header-display":"","ast-banner-title-visibility":"","ast-main-header-display":"","ast-hfb-above-header-display":"","ast-hfb-below-header-display":"","ast-hfb-mobile-header-display":"","site-post-title":"disabled","ast-breadcrumbs-content":"","ast-featured-img":"","footer-sml-layout":"","ast-disable-related-posts":"","theme-transparent-header-meta":"","adv-header-id-meta":"","stick-header-meta":"","header-above-stick-meta":"","header-main-stick-meta":"","header-below-stick-meta":"","astra-migrate-meta-layouts":"default","ast-page-background-enabled":"default","ast-page-background-meta":{"desktop":{"background-color":"var(--ast-global-color-4)","background-image":"","background-repeat":"repeat","background-position":"center center","background-size":"auto","background-attachment":"scroll","background-type":"","background-media":"","overlay-type":"","overlay-color":"","overlay-opacity":"","overlay-gradient":""},"tablet":{"background-color":"","background-image":"","background-repeat":"repeat","background-position":"center center","background-size":"auto","background-attachment":"scroll","background-type":"","background-media":"","overlay-type":"","overlay-color":"","overlay-opacity":"","overlay-gradient":""},"mobile":{"background-color":"","background-image":"","background-repeat":"repeat","background-position":"center center","background-size":"auto","background-attachment":"scroll","background-type":"","background-media":"","overlay-type":"","overlay-color":"","overlay-opacity":"","overlay-gradient":""}},"ast-content-background-meta":{"desktop":{"background-color":"var(--ast-global-color-5)","background-image":"","background-repeat":"repeat","background-position":"center center","background-size":"auto","background-attachment":"scroll","background-type":"","background-media":"","overlay-type":"","overlay-color":"","overlay-opacity":"","overlay-gradient":""},"tablet":{"background-color":"var(--ast-global-color-5)","background-image":"","background-repeat":"repeat","background-position":"center center","background-size":"auto","background-attachment":"scroll","background-type":"","background-media":"","overlay-type":"","overlay-color":"","overlay-opacity":"","overlay-gradient":""},"mobile":{"background-color":"var(--ast-global-color-5)","background-image":"","background-repeat":"repeat","background-position":"center center","background-size":"auto","background-attachment":"scroll","background-type":"","background-media":"","overlay-type":"","overlay-color":"","overlay-opacity":"","overlay-gradient":""}},"footnotes":""},"class_list":["post-1806","page","type-page","status-publish","hentry"],"_links":{"self":[{"href":"https:\/\/cristalesparachimeneas.es\/fr\/wp-json\/wp\/v2\/pages\/1806","targetHints":{"allow":["GET"]}}],"collection":[{"href":"https:\/\/cristalesparachimeneas.es\/fr\/wp-json\/wp\/v2\/pages"}],"about":[{"href":"https:\/\/cristalesparachimeneas.es\/fr\/wp-json\/wp\/v2\/types\/page"}],"author":[{"embeddable":true,"href":"https:\/\/cristalesparachimeneas.es\/fr\/wp-json\/wp\/v2\/users\/1"}],"replies":[{"embeddable":true,"href":"https:\/\/cristalesparachimeneas.es\/fr\/wp-json\/wp\/v2\/comments?post=1806"}],"version-history":[{"count":0,"href":"https:\/\/cristalesparachimeneas.es\/fr\/wp-json\/wp\/v2\/pages\/1806\/revisions"}],"wp:attachment":[{"href":"https:\/\/cristalesparachimeneas.es\/fr\/wp-json\/wp\/v2\/media?parent=1806"}],"curies":[{"name":"wp","href":"https:\/\/api.w.org\/{rel}","templated":true}]}}